{"id":299,"date":"2016-12-13T15:14:50","date_gmt":"2016-12-13T15:14:50","guid":{"rendered":"https:\/\/auxboisenchantes.fr\/?page_id=299"},"modified":"2026-02-16T17:30:22","modified_gmt":"2026-02-16T16:30:22","slug":"home-boxed","status":"publish","type":"page","link":"https:\/\/levoyagedesptitsfaons.com\/","title":{"rendered":"LVDPF &#8211; Home Page"},"content":{"rendered":"<section class=\"wpb-content-wrapper\"><p>[vc_row full_width=\u00a0\u00bbstretch_row\u00a0\u00bb equal_height=\u00a0\u00bbyes\u00a0\u00bb content_placement=\u00a0\u00bbmiddle\u00a0\u00bb css=\u00a0\u00bb.vc_custom_1722460588542{background-color: #fcf49f !important;}\u00a0\u00bb][vc_column width=\u00a0\u00bb2\/6&Prime;][vc_single_image image=\u00a0\u00bb1621&Prime; img_size=\u00a0\u00bbfull\u00a0\u00bb alignment=\u00a0\u00bbcenter\u00a0\u00bb css=\u00a0\u00bb.vc_custom_1771248335646{margin-top: 10px !important;margin-bottom: 10px !important;}\u00a0\u00bb][\/vc_column][vc_column width=\u00a0\u00bb4\/6&Prime;][vc_column_text]<\/p>\n<p style=\"text-align: center; font-size: 20px;\">Nos micro-cr\u00e8ches natures de Blain et Treilli\u00e8res accueillent vos tout-petits, de 10 semaines \u00e0 4 ans r\u00e9volus.<\/p>\n<p style=\"text-align: center; font-size: 20px;\">Dans un cadre bienveillant et verdoyant, nous offrons \u00e0 vos enfants un environnement propice \u00e0 l&rsquo;\u00e9veil au grand air.<\/p>\n<p style=\"text-align: center; font-size: 20px;\">Du lundi au vendredi, de 7h30 \u00e0 18h30.<\/p>\n<p>[\/vc_column_text][\/vc_column][vc_column width=\u00a0\u00bb1\/12&Prime;][\/vc_column][\/vc_row][vc_row][vc_column][vc_empty_space height=\u00a0\u00bb31px\u00a0\u00bb alter_height=\u00a0\u00bbnone\u00a0\u00bb hide_on_mobile=\u00a0\u00bb\u00a0\u00bb][\/vc_column][\/vc_row][vc_row full_width=\u00a0\u00bbstretch_row_content\u00a0\u00bb content_placement=\u00a0\u00bbmiddle\u00a0\u00bb back_image=\u00a0\u00bb\u00a0\u00bb el_id=\u00a0\u00bbprojet\u00a0\u00bb][vc_column css=\u00a0\u00bb.vc_custom_1688728557782{background-color: #fdc99f !important;}\u00a0\u00bb]<div id=\"sc_title_1287542837\"\n\t\tclass=\"sc_title sc_title_default clem-color  vc_custom_1722458652624\"><h2 class=\"sc_item_title sc_title_title sc_align_center sc_item_title_style_default\">Notre structure<\/h2><\/div><!-- \/.sc_title -->[\/vc_column][\/vc_row][vc_row back_image=\u00a0\u00bb\u00a0\u00bb css=\u00a0\u00bb.vc_custom_1688727166625{margin-top: 30px !important;margin-bottom: 15px !important;}\u00a0\u00bb][vc_column width=\u00a0\u00bb1\/2&Prime;][vc_single_image image=\u00a0\u00bb1623&Prime; img_size=\u00a0\u00bbfull\u00a0\u00bb alignment=\u00a0\u00bbcenter\u00a0\u00bb css=\u00a0\u00bb.vc_custom_1771248884029{margin-bottom: 15px !important;}\u00a0\u00bb][vc_column_text]<\/p>\n<h5 style=\"text-align: center;\">Un cocon de nature pour grandir en toute confiance<\/h5>\n<p style=\"text-align: center;\">Nos <b data-path-to-node=\"2\" data-index-in-node=\"4\">micro-cr\u00e8ches natures<\/b> accueillent chaque jour <b data-path-to-node=\"2\" data-index-in-node=\"50\">12 enfants<\/b>, favorisant ainsi un esprit familial et une \u00e9coute attentive \u00e0 chacun d&rsquo;entre eux. Au c\u0153ur de nos structures, chaque enfant b\u00e9n\u00e9ficie d&rsquo;un accueil individualis\u00e9 au sein d&rsquo;un environnement chaleureux, s\u00e9curis\u00e9 et verdoyant.<\/p>\n<p style=\"text-align: center;\" data-path-to-node=\"3\">Gr\u00e2ce \u00e0 un <b data-path-to-node=\"3\" data-index-in-node=\"11\">haut taux d&rsquo;encadrement<\/b> et des \u00e9quipes qualifi\u00e9es, nous privil\u00e9gions la qualit\u00e9 des \u00e9changes avec nos familles et un accompagnement respectueux du rythme de chaque petit explorateur. Cette proximit\u00e9 nous permet d&rsquo;offrir un suivi sur-mesure dans leurs apprentissages, o\u00f9 la bienveillance guide chaque instant.<\/p>\n<p style=\"text-align: center;\" data-path-to-node=\"4\">Pour les parents, c\u2019est la garantie d\u2019un mode de garde <b data-path-to-node=\"4\" data-index-in-node=\"55\">flexible et qualitatif<\/b>, alliant s\u00e9r\u00e9nit\u00e9 et proximit\u00e9.<\/p>\n<p style=\"text-align: center;\" data-path-to-node=\"5\"><b data-path-to-node=\"5\" data-index-in-node=\"0\">Un effectif r\u00e9duit pour de grandes d\u00e9couvertes au c\u0153ur de la nature !<\/b><\/p>\n<p>[\/vc_column_text][\/vc_column][vc_column width=\u00a0\u00bb1\/2&Prime;][vc_single_image image=\u00a0\u00bb1627&Prime; img_size=\u00a0\u00bbfull\u00a0\u00bb alignment=\u00a0\u00bbcenter\u00a0\u00bb css=\u00a0\u00bb.vc_custom_1771248936777{margin-bottom: 15px !important;}\u00a0\u00bb][vc_column_text]<\/p>\n<h5 style=\"text-align: center;\" data-path-to-node=\"1\">Notre projet Nature : grandir et s&rsquo;\u00e9panouir au grand air<\/h5>\n<p style=\"text-align: center;\" data-path-to-node=\"2\">Dans notre cr\u00e8che, la nature est un formidable terrain de jeu et de d\u00e9couverte. \u00c0 travers notre projet p\u00e9dagogique ax\u00e9 sur la nature, nous offrons \u00e0 nos p\u2019tits faons la libert\u00e9 d\u2019explorer le monde avec authenticit\u00e9 et libert\u00e9.<\/p>\n<p style=\"text-align: center;\" data-path-to-node=\"2\">Qu\u2019il s\u2019agisse de modeler la terre, de cr\u00e9er des recettes magiques dans notre <b data-path-to-node=\"2\" data-index-in-node=\"312\">Mud Kitchen<\/b> ou de sauter avec joie dans les flaques, chaque instant dehors est une occasion pr\u00e9cieuse de d\u00e9velopper l\u2019autonomie et la confiance en soi.<\/p>\n<p style=\"text-align: center;\" data-path-to-node=\"2\">Ce voyage au c\u0153ur du vivant s&rsquo;enrichit de rencontres inspirantes, avec nos diff\u00e9rents partenaires, qui transforme chaque sortie au jardin en une parenth\u00e8se magique, tactile et musicale. Ici, on joue, on exp\u00e9rimente et on grandit tout simplement au rythme des saisons.<\/p>\n<p>[\/vc_column_text][\/vc_column][\/vc_row][vc_row css=\u00a0\u00bb.vc_custom_1688727176967{margin-top: 15px !important;margin-bottom: 30px !important;}\u00a0\u00bb][vc_column width=\u00a0\u00bb1\/2&Prime;][vc_single_image image=\u00a0\u00bb1544&Prime; img_size=\u00a0\u00bbfull\u00a0\u00bb alignment=\u00a0\u00bbcenter\u00a0\u00bb css=\u00a0\u00bb.vc_custom_1722611210689{margin-bottom: 15px !important;}\u00a0\u00bb][vc_column_text]<\/p>\n<h5 data-path-to-node=\"1\">Un cocon de douceur ouvert sur le monde<\/h5>\n<p data-path-to-node=\"2\">Nos micro-cr\u00e8ches sont de vrais <b data-path-to-node=\"2\" data-index-in-node=\"32\">petits nids douillets<\/b> aux couleurs douces et v\u00e9g\u00e9tales, pens\u00e9s comme de superbes terrains d&rsquo;exp\u00e9rimentation. Ici, chaque journ\u00e9e est rythm\u00e9e par un <b data-path-to-node=\"2\" data-index-in-node=\"180\">large panel d\u2019activit\u00e9s<\/b> o\u00f9 nos p\u2019tits faons explorent le monde \u00e0 leur rythme : des ateliers de transvasement et de manipulation pour \u00e9veiller les sens, jusqu&rsquo;aux projets de modelage, de coloriage et de collage pour laisser libre cours \u00e0 leur imaginaire&#8230;<\/p>\n<p>[\/vc_column_text][\/vc_column][vc_column width=\u00a0\u00bb1\/2&Prime;][vc_single_image image=\u00a0\u00bb1625&Prime; img_size=\u00a0\u00bbfull\u00a0\u00bb][vc_column_text]<\/p>\n<h5 data-path-to-node=\"1\">Le monde s&rsquo;invite \u00e0 la cr\u00e8che<\/h5>\n<p data-path-to-node=\"2\">Cette soif de d\u00e9couverte se prolonge chaque mois par un <b data-path-to-node=\"2\" data-index-in-node=\"56\">voyage magique \u00e0 la d\u00e9couverte du monde<\/b>. C\u2019est une v\u00e9ritable ouverture sur l&rsquo;ext\u00e9rieur o\u00f9 les enfants explorent de nouveaux horizons \u00e0 travers des musiques d&rsquo;ailleurs, des couleurs vibrantes et des rencontres avec les animaux.<\/p>\n<p data-path-to-node=\"3\">Pour enrichir ces aventures, nous accueillons des <b data-path-to-node=\"3\" data-index-in-node=\"50\">partenaires passionn\u00e9s<\/b> qui viennent partager leur univers au c\u0153ur de nos structures. Qu\u2019il s\u2019agisse d\u2019\u00e9veil musical, de m\u00e9diation animale ou d\u2019explorations sensorielles en pleine nature, ces intervenants ext\u00e9rieurs offrent \u00e0 nos p\u2019tits faons des exp\u00e9riences uniques et pr\u00e9cieuses pour leur \u00e9veil.<\/p>\n<p>[\/vc_column_text][\/vc_column][\/vc_row][vc_row full_width=\u00a0\u00bbstretch_row_content\u00a0\u00bb content_placement=\u00a0\u00bbmiddle\u00a0\u00bb][vc_column css=\u00a0\u00bb.vc_custom_1688728557782{background-color: #fdc99f !important;}\u00a0\u00bb]<div id=\"sc_title_1368465044\"\n\t\tclass=\"sc_title sc_title_default clem-color\"><h2 class=\"sc_item_title sc_title_title sc_align_center sc_item_title_style_default\">Notre environnement<\/h2><\/div><!-- \/.sc_title -->[\/vc_column][\/vc_row][vc_row back_image=\u00a0\u00bb\u00a0\u00bb css=\u00a0\u00bb.vc_custom_1688727166625{margin-top: 30px !important;margin-bottom: 15px !important;}\u00a0\u00bb][vc_column width=\u00a0\u00bb1\/2&Prime;][vc_single_image image=\u00a0\u00bb1635&Prime; img_size=\u00a0\u00bbfull\u00a0\u00bb alignment=\u00a0\u00bbcenter\u00a0\u00bb css=\u00a0\u00bb.vc_custom_1771258927168{margin-bottom: 15px !important;}\u00a0\u00bb][vc_column_text]<\/p>\n<h5 data-path-to-node=\"3\">Le confort d&rsquo;une maison, la s\u00e9curit\u00e9 d&rsquo;une structure pro<\/h5>\n<p data-path-to-node=\"4\">Nos deux micro-cr\u00e8ches accueillent vos enfants dans de vastes maisons de 160 \u00e0 180 m\u00b2, con\u00e7ues pour offrir la chaleur d&rsquo;une maison et la rigueur d&rsquo;un \u00e9tablissement professionnel en partenariat \u00e9troit avec le <b data-path-to-node=\"4\" data-index-in-node=\"207\">D\u00e9partement<\/b> et la <b data-path-to-node=\"4\" data-index-in-node=\"225\">Municipalit\u00e9<\/b>.<\/p>\n<p data-path-to-node=\"5\">Chaque cr\u00e8che dispose de trois chambres d\u00e9di\u00e9es pour respecter le sommeil de chacun, de beaux espaces d\u2019\u00e9veil et de deux grands jardins bois\u00e9s de 600 m\u00b2, v\u00e9ritables terrains d&rsquo;exploration s\u00e9curis\u00e9s.<\/p>\n<p>[\/vc_column_text][\/vc_column][vc_column width=\u00a0\u00bb1\/2&Prime;][vc_single_image image=\u00a0\u00bb1633&Prime; img_size=\u00a0\u00bbfull\u00a0\u00bb alignment=\u00a0\u00bbcenter\u00a0\u00bb css=\u00a0\u00bb.vc_custom_1771258730749{margin-bottom: 15px !important;}\u00a0\u00bb][vc_column_text]<\/p>\n<h5 style=\"text-align: center;\"><b data-path-to-node=\"4,0\" data-index-in-node=\"0\">Une visibilit\u00e9 permanente pour une s\u00e9curit\u00e9 maximale<\/b><\/h5>\n<p style=\"text-align: center;\">Nos micro-cr\u00e8ches utilisent des am\u00e9nagements vitr\u00e9s strat\u00e9giques (demi-cloisons et hublots). Ainsi, m\u00eame lors des soins ou de la pr\u00e9paration des repas, votre enfant reste sous l&rsquo;\u0153il bienveillant et vigilant de nos \u00e9quipes.<\/p>\n<p>[\/vc_column_text][\/vc_column][\/vc_row][vc_row back_image=\u00a0\u00bb\u00a0\u00bb css=\u00a0\u00bb.vc_custom_1688727166625{margin-top: 30px !important;margin-bottom: 15px !important;}\u00a0\u00bb][vc_column][vc_column_text css=\u00a0\u00bb.vc_custom_1771259231205{background-color: #f9f8b3 !important;}\u00a0\u00bb]<\/p>\n<h5 data-path-to-node=\"6\">Suivez le quotidien de votre enfant en un clic<\/h5>\n<p data-path-to-node=\"7\">Parce que le lien avec les familles est essentiel, nous doublons nos transmissions orales d&rsquo;un outil num\u00e9rique d\u00e9di\u00e9. Ce logiciel intuitif vous offre un regard privil\u00e9gi\u00e9 sur la journ\u00e9e de votre enfant : activit\u00e9s, moments forts et photos de ses d\u00e9couvertes sont accessibles chaque soir, o\u00f9 que vous soyez.<\/p>\n<p>[\/vc_column_text][\/vc_column][\/vc_row]<\/p>\n<\/section>","protected":false},"excerpt":{"rendered":"<p>[vc_row full_width=\u00a0\u00bbstretch_row\u00a0\u00bb equal_height=\u00a0\u00bbyes\u00a0\u00bb content_placement=\u00a0\u00bbmiddle\u00a0\u00bb css=\u00a0\u00bb.vc_custom_1722460588542{background-color: #fcf49f !important;}\u00a0\u00bb][vc_column width=\u00a0\u00bb2\/6&Prime;][vc_single_image image=\u00a0\u00bb1621&Prime; img_size=\u00a0\u00bbfull\u00a0\u00bb alignment=\u00a0\u00bbcenter\u00a0\u00bb css=\u00a0\u00bb.vc_custom_1771248335646{margin-top: 10px !important;margin-bottom: 10px !important;}\u00a0\u00bb][\/vc_column][vc_column width=\u00a0\u00bb4\/6&Prime;][vc_column_text] Nos micro-cr\u00e8ches natures de Blain et Treilli\u00e8res accueillent vos tout-petits, de 10 semaines \u00e0 4 ans r\u00e9volus. Dans un cadre bienveillant et verdoyant, nous offrons \u00e0 vos enfants&hellip;<\/p>\n","protected":false},"author":1,"featured_media":0,"parent":0,"menu_order":0,"comment_status":"closed","ping_status":"closed","template":"","meta":{"footnotes":""},"class_list":["post-299","page","type-page","status-publish","hentry"],"_links":{"self":[{"href":"https:\/\/levoyagedesptitsfaons.com\/index.php\/wp-json\/wp\/v2\/pages\/299","targetHints":{"allow":["GET"]}}],"collection":[{"href":"https:\/\/levoyagedesptitsfaons.com\/index.php\/wp-json\/wp\/v2\/pages"}],"about":[{"href":"https:\/\/levoyagedesptitsfaons.com\/index.php\/wp-json\/wp\/v2\/types\/page"}],"author":[{"embeddable":true,"href":"https:\/\/levoyagedesptitsfaons.com\/index.php\/wp-json\/wp\/v2\/users\/1"}],"replies":[{"embeddable":true,"href":"https:\/\/levoyagedesptitsfaons.com\/index.php\/wp-json\/wp\/v2\/comments?post=299"}],"version-history":[{"count":85,"href":"https:\/\/levoyagedesptitsfaons.com\/index.php\/wp-json\/wp\/v2\/pages\/299\/revisions"}],"predecessor-version":[{"id":1638,"href":"https:\/\/levoyagedesptitsfaons.com\/index.php\/wp-json\/wp\/v2\/pages\/299\/revisions\/1638"}],"wp:attachment":[{"href":"https:\/\/levoyagedesptitsfaons.com\/index.php\/wp-json\/wp\/v2\/media?parent=299"}],"curies":[{"name":"wp","href":"https:\/\/api.w.org\/{rel}","templated":true}]}}