{"id":1489,"date":"2024-07-31T21:55:59","date_gmt":"2024-07-31T19:55:59","guid":{"rendered":"https:\/\/levoyagedesptitsfaons.com\/?page_id=1489"},"modified":"2026-02-16T13:47:23","modified_gmt":"2026-02-16T12:47:23","slug":"lvdpf-contact","status":"publish","type":"page","link":"https:\/\/levoyagedesptitsfaons.com\/index.php\/lvdpf-contact\/","title":{"rendered":"LVDPF &#8211; Contact"},"content":{"rendered":"<section class=\"wpb-content-wrapper\"><p>[vc_row el_id=\u00a0\u00bblocalisation\u00a0\u00bb][vc_column width=\u00a0\u00bb1\/2&Prime;]<div id=\"sc_googlemap_1954783902_wrap\" class=\"sc_googlemap_wrap\"><div id=\"sc_googlemap_1954783902\"\n\t\t\tclass=\"sc_googlemap sc_googlemap_default\"\n\t\t\t style=\"width:100%;height:350px;\"\t\t\tdata-zoom=\"16\"\n\t\t\tdata-style=\"default\"\n\n\t\t\t><iframe\n\t\t\t\t\tsrc=\"https:\/\/maps.google.com\/maps?t=m&output=embed&iwloc=near&z=16&q=Le+Voyage+des+p%27tits+faons%2C+1+rue+des+Rigondais%2C+44130+Blain%2C+France\"\n\t\t\t\t\tscrolling=\"no\"\n\t\t\t\t\tmarginheight=\"0\"\n\t\t\t\t\tmarginwidth=\"0\"\n\t\t\t\t\tframeborder=\"0\"\n\t\t\t\t\taria-label=\"\"><\/iframe><\/div><\/div><!-- \/.sc_googlemap_wrap -->[\/vc_column][vc_column width=\u00a0\u00bb1\/2&Prime;]<div id=\"widget_contacts_369299439\" class=\"widget_area sc_widget_contacts vc_widget_contacts wpb_content_element\"><aside id=\"widget_contacts_369299439_widget\" class=\"widget widget_contacts\"><div class=\"contacts_wrap\"><div class=\"contacts_description\"><p>Cl\u00e9mence Gr\u00e9sil - Infirmi\u00e8re Pu\u00e9ricultrice DE -<br \/>\nFondatrice et Gestionnaire des micro-cr\u00e8ches Le Voyage des p'tits faons I & II<br \/>\nDirectrice de cr\u00e8che et R\u00e9f\u00e9rente Sant\u00e9 et Accueil Inclusif<\/p>\n<\/div><div class=\"contacts_info\"><div class=\"contacts_left\"><span class=\"contacts_address\">Le voyage des p'tits faons I : 1 rue des Rigondais, 44130 Blain, France et Le voyage des p'tits faons II : 3 chemin du Clos David, 44119 Treilli\u00e8res, FRANCE<\/span><\/div><div class=\"contacts_right\"><span class=\"contacts_email\"><a href=\"mailto:http:\/\/clemence@levoyagedesptitsfaons.com\">clemence@levoyagedesptitsfaons.com<\/a><\/span><span class=\"contacts_phone\"><a href=\"tel:http:\/\/07-88-88-30-15\">07-88-88-30-15<\/a><\/span><\/div><\/div><div class=\"contacts_socials socials_wrap\"><span class=\"social_item\"><a href=\"https:\/\/twitter.com\/ThemesAxiom\" target=\"_blank\" class=\"social_icons social_twitter\"><span class=\"trx_addons_icon-twitter\"><\/span><\/a><\/span><span class=\"social_item\"><a href=\"https:\/\/www.facebook.com\/AxiomThemes-505060569826537\/\" target=\"_blank\" class=\"social_icons social_facebook\"><span class=\"trx_addons_icon-facebook\"><\/span><\/a><\/span><span class=\"social_item\"><a href=\"https:\/\/www.instagram.com\/axiom_themes\/\" target=\"_blank\" class=\"social_icons social_instagram\"><span class=\"trx_addons_icon-instagram\"><\/span><\/a><\/span><span class=\"social_item\"><a href=\"https:\/\/dribbble.com\/AxiomThemes\" target=\"_blank\" class=\"social_icons social_dribbble\"><span class=\"trx_addons_icon-dribbble\"><\/span><\/a><\/span><\/div><\/div><!-- \/.contacts_wrap --><\/aside><\/div>[\/vc_column][\/vc_row][vc_row][vc_column][vc_empty_space alter_height=\u00a0\u00bbnone\u00a0\u00bb hide_on_mobile=\u00a0\u00bb\u00a0\u00bb][\/vc_column][\/vc_row][vc_row][vc_column][vc_column_text][contact-form-7 id=\u00a0\u00bb1139&Prime;][\/vc_column_text][\/vc_column][\/vc_row]<\/p>\n<\/section>","protected":false},"excerpt":{"rendered":"<p>[vc_row el_id=\u00a0\u00bblocalisation\u00a0\u00bb][vc_column width=\u00a0\u00bb1\/2&Prime;][\/vc_column][vc_column width=\u00a0\u00bb1\/2&Prime;][\/vc_column][\/vc_row][vc_row][vc_column][vc_empty_space alter_height=\u00a0\u00bbnone\u00a0\u00bb hide_on_mobile=\u00a0\u00bb\u00a0\u00bb][\/vc_column][\/vc_row][vc_row][vc_column][vc_column_text][contact-form-7 id=\u00a0\u00bb1139&Prime;][\/vc_column_text][\/vc_column][\/vc_row]<\/p>\n","protected":false},"author":1,"featured_media":0,"parent":0,"menu_order":0,"comment_status":"closed","ping_status":"closed","template":"","meta":{"footnotes":""},"class_list":["post-1489","page","type-page","status-publish","hentry"],"_links":{"self":[{"href":"https:\/\/levoyagedesptitsfaons.com\/index.php\/wp-json\/wp\/v2\/pages\/1489","targetHints":{"allow":["GET"]}}],"collection":[{"href":"https:\/\/levoyagedesptitsfaons.com\/index.php\/wp-json\/wp\/v2\/pages"}],"about":[{"href":"https:\/\/levoyagedesptitsfaons.com\/index.php\/wp-json\/wp\/v2\/types\/page"}],"author":[{"embeddable":true,"href":"https:\/\/levoyagedesptitsfaons.com\/index.php\/wp-json\/wp\/v2\/users\/1"}],"replies":[{"embeddable":true,"href":"https:\/\/levoyagedesptitsfaons.com\/index.php\/wp-json\/wp\/v2\/comments?post=1489"}],"version-history":[{"count":7,"href":"https:\/\/levoyagedesptitsfaons.com\/index.php\/wp-json\/wp\/v2\/pages\/1489\/revisions"}],"predecessor-version":[{"id":1617,"href":"https:\/\/levoyagedesptitsfaons.com\/index.php\/wp-json\/wp\/v2\/pages\/1489\/revisions\/1617"}],"wp:attachment":[{"href":"https:\/\/levoyagedesptitsfaons.com\/index.php\/wp-json\/wp\/v2\/media?parent=1489"}],"curies":[{"name":"wp","href":"https:\/\/api.w.org\/{rel}","templated":true}]}}